{"id":802,"date":"2021-07-11T10:35:57","date_gmt":"2021-07-11T10:35:57","guid":{"rendered":"https:\/\/expert-themes.com\/newwp\/atron\/?page_id=802"},"modified":"2023-08-07T01:16:36","modified_gmt":"2023-08-06T23:16:36","slug":"contact-us","status":"publish","type":"page","link":"https:\/\/transcendsolutionscameroon.com\/fr\/contact-us\/","title":{"rendered":"Nous contacter"},"content":{"rendered":"<div data-elementor-type=\"wp-page\" data-elementor-id=\"802\" class=\"elementor elementor-802\">\n\t\t\t\t\t\t\t\t\t<section class=\"elementor-section elementor-top-section elementor-element elementor-element-1bdfd71 elementor-section-full_width elementor-section-height-default elementor-section-height-default\" data-id=\"1bdfd71\" data-element_type=\"section\">\n\t\t\t\t\t\t<div class=\"elementor-container elementor-column-gap-default\">\n\t\t\t\t\t<div class=\"elementor-column elementor-col-100 elementor-top-column elementor-element elementor-element-3ea368a\" data-id=\"3ea368a\" data-element_type=\"column\">\n\t\t\t<div class=\"elementor-widget-wrap elementor-element-populated\">\n\t\t\t\t\t\t\t\t<div class=\"elementor-element elementor-element-3b36a23 elementor-widget elementor-widget-atron_google_map\" data-id=\"3b36a23\" data-element_type=\"widget\" data-widget_type=\"atron_google_map.default\">\n\t\t\t\t<div class=\"elementor-widget-container\">\n\t\t\t\t\t\r\n        <!-- Map Section -->\r\n        <section class=\"contact-map-section\">\r\n            <div class=\"outer-container\">\r\n                <!-- Map Boxed -->\r\n                <div class=\"map-boxed\">\r\n                    <!--Map Outer-->\r\n                    <div class=\"map-outer\">\r\n                        <iframe  width=\"600\" height=\"450\" style=\"border:0;\" allowfullscreen=\"\" loading=\"lazy\" referrerpolicy=\"no-referrer-when-downgrade\" class=\"lws-optimize-lazyload\" data-src=\"https:\/\/www.google.com\/maps\/embed?pb=!1m23!1m12!1m3!1d8434.672793402495!2d11.540704566558638!3d3.8881149869250975!2m3!1f0!2f0!3f0!3m2!1i1024!2i768!4f13.1!4m8!3e6!4m5!1s0x108bc5ead89fd47d%3A0xe5323e78a074439f!2sPHARMACIE%20DU%20STADE%2C%20Yaound%C3%A9%2C%20Yaound%C3%A9!3m2!1d3.8890382999999997!2d11.545171999999999!4m0!5e0!3m2!1sen!2scm!4v1691363508248!5m2!1sen!2scm\"><\/iframe>                    <\/div>\r\n                <\/div>\r\n            <\/div>\r\n        <\/section>\r\n        <!-- End Map Section -->\r\n          \r\n\t\t\t\t<\/div>\n\t\t\t\t<\/div>\n\t\t\t\t<div class=\"elementor-element elementor-element-d25e699 elementor-widget elementor-widget-atron_contact_info\" data-id=\"d25e699\" data-element_type=\"widget\" data-widget_type=\"atron_contact_info.default\">\n\t\t\t\t<div class=\"elementor-widget-container\">\n\t\t\t\t\t\r\n        <!-- Contact Info Section -->\r\n        <section class=\"contact-info-section\">\r\n            <div class=\"auto-container\">\r\n                <div class=\"inner-container\">\r\n                    <div class=\"row clearfix\">\r\n                    \t                        <!-- Info Box -->\r\n                        <div class=\"info-box col-lg-3 col-md-6 col-sm-12\">\r\n                            <div class=\"box-inner\">\r\n                                <div class=\"icon flaticon-alarm-clock\"><\/div>\r\n                                <div class=\"text\">Monday - Friday 8am - 6pm<\/div>\r\n                                <h4>Timeing<\/h4>\r\n                            <\/div>\r\n                        <\/div>\r\n                                                <!-- Info Box -->\r\n                        <div class=\"info-box col-lg-3 col-md-6 col-sm-12\">\r\n                            <div class=\"box-inner\">\r\n                                <div class=\"icon flaticon-email-5\"><\/div>\r\n                                <div class=\"text\"><a style=\"font-size:0.8em\" href=\"mailto:info@transcendsolutionscameroon.com\">info@transcendsolutionscameroon.com<\/a><\/div>\r\n                                <h4>Email<\/h4>\r\n                            <\/div>\r\n                        <\/div>\r\n                                                <!-- Info Box -->\r\n                        <div class=\"info-box col-lg-3 col-md-6 col-sm-12\">\r\n                            <div class=\"box-inner\">\r\n                                <div class=\"icon flaticon-telephone-1\"><\/div>\r\n                                <div class=\"text\"><a href=\"tel: 22-53-57-554\">(+22) 53 57 554<\/a><\/div>\r\n                                <h4>Call For Help<\/h4>\r\n                            <\/div>\r\n                        <\/div>\r\n                                                <!-- Info Box -->\r\n                        <div class=\"info-box col-lg-3 col-md-6 col-sm-12\">\r\n                            <div class=\"box-inner\">\r\n                                <div class=\"icon flaticon-pin\"><\/div>\r\n                                <div class=\"text\">Route de Ngousso, apr\u00e8s la pharmacie du stade, entr\u00e9e de  l' institut de beaut\u00e9 Michel Coiffure<\/div>\r\n                                <h4>Adresse<\/h4>\r\n                            <\/div>\r\n                        <\/div>\r\n                                            <\/div>\r\n                <\/div>\r\n            <\/div>\r\n        <\/section>\r\n        <!-- End Contact Info Section -->\r\n                \r\n\t\t\t\t<\/div>\n\t\t\t\t<\/div>\n\t\t\t\t\t<\/div>\n\t\t<\/div>\n\t\t\t\t\t\t\t<\/div>\n\t\t<\/section>\n\t\t\t\t<section class=\"elementor-section elementor-top-section elementor-element elementor-element-d082337 elementor-section-boxed elementor-section-height-default elementor-section-height-default\" data-id=\"d082337\" data-element_type=\"section\">\n\t\t\t\t\t\t<div class=\"elementor-container elementor-column-gap-default\">\n\t\t\t\t\t<div class=\"elementor-column elementor-col-100 elementor-top-column elementor-element elementor-element-cbde600\" data-id=\"cbde600\" data-element_type=\"column\">\n\t\t\t<div class=\"elementor-widget-wrap\">\n\t\t\t\t\t\t\t\t\t<\/div>\n\t\t<\/div>\n\t\t\t\t\t\t\t<\/div>\n\t\t<\/section>\n\t\t\t\t<section class=\"elementor-section elementor-top-section elementor-element elementor-element-8870fdc elementor-section-full_width elementor-section-height-default elementor-section-height-default\" data-id=\"8870fdc\" data-element_type=\"section\">\n\t\t\t\t\t\t<div class=\"elementor-container elementor-column-gap-default\">\n\t\t\t\t\t<div class=\"elementor-column elementor-col-100 elementor-top-column elementor-element elementor-element-d86806b\" data-id=\"d86806b\" data-element_type=\"column\">\n\t\t\t<div class=\"elementor-widget-wrap elementor-element-populated\">\n\t\t\t\t\t\t\t\t<div class=\"elementor-element elementor-element-95e7918 elementor-widget elementor-widget-atron_contact_us_form\" data-id=\"95e7918\" data-element_type=\"widget\" data-widget_type=\"atron_contact_us_form.default\">\n\t\t\t\t<div class=\"elementor-widget-container\">\n\t\t\t\t\t\r\n        <!-- Contact Form Section -->\r\n        <section class=\"contact-form-section\">\r\n            <div class=\"auto-container\">\r\n                <div class=\"inner-container\">\r\n                                        <!-- Sec Title -->\r\n                    <div class=\"sec-title centered\">\r\n                        <div class=\"title\">Contact <\/div>                        <h2>Contact Our Support Guys<\/h2>                    \t<div class=\"text\">OR Make Appointment With Our Consultan<\/div>                    <\/div>\r\n                                        <!-- Contact Form -->\r\n                    <div class=\"contact-form\">\r\n                        \n<div class=\"wpcf7 no-js\" id=\"wpcf7-f813-o1\" lang=\"en-US\" dir=\"ltr\">\n<div class=\"screen-reader-response\"><p role=\"status\" aria-live=\"polite\" aria-atomic=\"true\"><\/p> <ul><\/ul><\/div>\n<form action=\"\/fr\/wp-json\/wp\/v2\/pages\/802#wpcf7-f813-o1\" method=\"post\" class=\"wpcf7-form init\" aria-label=\"Contact form\" novalidate=\"novalidate\" data-status=\"init\" data-trp-original-action=\"\/fr\/wp-json\/wp\/v2\/pages\/802#wpcf7-f813-o1\">\n<div style=\"display: none;\">\n<input type=\"hidden\" name=\"_wpcf7\" value=\"813\" \/>\n<input type=\"hidden\" name=\"_wpcf7_version\" value=\"5.7.7\" \/>\n<input type=\"hidden\" name=\"_wpcf7_locale\" value=\"en_US\" \/>\n<input type=\"hidden\" name=\"_wpcf7_unit_tag\" value=\"wpcf7-f813-o1\" \/>\n<input type=\"hidden\" name=\"_wpcf7_container_post\" value=\"0\" \/>\n<input type=\"hidden\" name=\"_wpcf7_posted_data_hash\" value=\"\" \/>\n<\/div>\n<div class=\"row clearfix\">\n\t<div class=\"col-lg-6 col-md-6 col-sm-12 form-group\">\n\t\t<p><span class=\"wpcf7-form-control-wrap\" data-name=\"text-372\"><input size=\"40\" class=\"wpcf7-form-control wpcf7-text wpcf7-validates-as-required\" aria-required=\"true\" aria-invalid=\"false\" placeholder=\"Your Name *\" value=\"\" type=\"text\" name=\"text-372\" \/><\/span>\n\t\t<\/p>\n\t<\/div>\n\t<div class=\"col-lg-6 col-md-6 col-sm-12 form-group\">\n\t\t<p><span class=\"wpcf7-form-control-wrap\" data-name=\"email-608\"><input size=\"40\" class=\"wpcf7-form-control wpcf7-text wpcf7-email wpcf7-validates-as-required wpcf7-validates-as-email\" aria-required=\"true\" aria-invalid=\"false\" placeholder=\"Votre email\" value=\"\" type=\"email\" name=\"email-608\" \/><\/span>\n\t\t<\/p>\n\t<\/div>\n\t<div class=\"col-lg-4 col-md-6 col-sm-12 form-group\">\n\t\t<p><span class=\"wpcf7-form-control-wrap\" data-name=\"text-373\"><input size=\"40\" class=\"wpcf7-form-control wpcf7-text\" aria-invalid=\"false\" placeholder=\"Your Phone\" value=\"\" type=\"text\" name=\"text-373\" \/><\/span>\n\t\t<\/p>\n\t<\/div>\n\t<div class=\"col-lg-4 col-md-6 col-sm-12 form-group\">\n\t\t<p><span class=\"wpcf7-form-control-wrap\" data-name=\"text-374\"><input size=\"40\" class=\"wpcf7-form-control wpcf7-text\" aria-invalid=\"false\" placeholder=\"Enter Date\" value=\"\" type=\"text\" name=\"text-374\" \/><\/span>\n\t\t<\/p>\n\t<\/div>\n\t<div class=\"col-lg-4 col-md-12 col-sm-12 form-group\">\n\t\t<p><span class=\"wpcf7-form-control-wrap\" data-name=\"text-375\"><input size=\"40\" class=\"wpcf7-form-control wpcf7-text\" aria-invalid=\"false\" placeholder=\"Enter Subject\" value=\"\" type=\"text\" name=\"text-375\" \/><\/span>\n\t\t<\/p>\n\t<\/div>\n\t<div class=\"col-lg-12 col-md-12 col-sm-12 form-group\">\n\t\t<p><span class=\"wpcf7-form-control-wrap\" data-name=\"textarea-862\"><textarea cols=\"40\" rows=\"10\" class=\"wpcf7-form-control wpcf7-textarea\" aria-invalid=\"false\" placeholder=\"Your Message\" name=\"textarea-862\"><\/textarea><\/span>\n\t\t<\/p>\n\t<\/div>\n\t<div class=\"col-lg-12 col-md-12 col-sm-12 text-center form-group\">\n\t\t<p><button class=\"theme-btn btn-style-four\" type=\"submit\" name=\"submit-form\"><span class=\"txt\">Submit Now<\/span><\/button>\n\t\t<\/p>\n\t<\/div>\n<\/div><div class=\"wpcf7-response-output\" aria-hidden=\"true\"><\/div>\n<input type=\"hidden\" name=\"trp-form-language\" value=\"fr\"\/><\/form>\n<\/div>\n  \r\n                    <\/div>\r\n                    \r\n                <\/div>\r\n            <\/div>\r\n        <\/section>\r\n        <!-- End Contact Form Section -->\r\n          \r\n\t\t\t\t<\/div>\n\t\t\t\t<\/div>\n\t\t\t\t\t<\/div>\n\t\t<\/div>\n\t\t\t\t\t\t\t<\/div>\n\t\t<\/section>\n\t\t\t\t\t\t\t<\/div>","protected":false},"excerpt":{"rendered":"<p>Monday &#8211; Friday 8am &#8211; 6pm Timeing info@transcendsolutionscameroon.com Mail to us (+22) 53 57 554 Call For Help Route de Ngousso, apr\u00e8s la pharmacie du stade, entr\u00e9e de l&#8217; institut de beaut\u00e9 Michel Coiffure Address Contact Contact Our Support Guys OR Make Appointment With Our Consultan Submit Now<\/p>","protected":false},"author":1,"featured_media":0,"parent":0,"menu_order":0,"comment_status":"closed","ping_status":"closed","template":"tpl-default-elementor.php","meta":[],"_links":{"self":[{"href":"https:\/\/transcendsolutionscameroon.com\/fr\/wp-json\/wp\/v2\/pages\/802"}],"collection":[{"href":"https:\/\/transcendsolutionscameroon.com\/fr\/wp-json\/wp\/v2\/pages"}],"about":[{"href":"https:\/\/transcendsolutionscameroon.com\/fr\/wp-json\/wp\/v2\/types\/page"}],"author":[{"embeddable":true,"href":"https:\/\/transcendsolutionscameroon.com\/fr\/wp-json\/wp\/v2\/users\/1"}],"replies":[{"embeddable":true,"href":"https:\/\/transcendsolutionscameroon.com\/fr\/wp-json\/wp\/v2\/comments?post=802"}],"version-history":[{"count":16,"href":"https:\/\/transcendsolutionscameroon.com\/fr\/wp-json\/wp\/v2\/pages\/802\/revisions"}],"predecessor-version":[{"id":5336,"href":"https:\/\/transcendsolutionscameroon.com\/fr\/wp-json\/wp\/v2\/pages\/802\/revisions\/5336"}],"wp:attachment":[{"href":"https:\/\/transcendsolutionscameroon.com\/fr\/wp-json\/wp\/v2\/media?parent=802"}],"curies":[{"name":"wp","href":"https:\/\/api.w.org\/{rel}","templated":true}]}}