{"id":5458,"date":"2023-08-08T12:03:47","date_gmt":"2023-08-08T10:03:47","guid":{"rendered":"https:\/\/transcendsolutionscameroon.com\/?page_id=5458"},"modified":"2023-08-08T14:34:48","modified_gmt":"2023-08-08T12:34:48","slug":"blog","status":"publish","type":"page","link":"https:\/\/transcendsolutionscameroon.com\/fr\/blog\/","title":{"rendered":"Blog"},"content":{"rendered":"<div data-elementor-type=\"wp-page\" data-elementor-id=\"5458\" class=\"elementor elementor-5458\">\n\t\t\t\t\t\t\t\t\t<section class=\"elementor-section elementor-top-section elementor-element elementor-element-18fb9dc elementor-section-boxed elementor-section-height-default elementor-section-height-default\" data-id=\"18fb9dc\" data-element_type=\"section\">\n\t\t\t\t\t\t<div class=\"elementor-container elementor-column-gap-default\">\n\t\t\t\t\t<div class=\"elementor-column elementor-col-100 elementor-top-column elementor-element elementor-element-f0b7093\" data-id=\"f0b7093\" data-element_type=\"column\">\n\t\t\t<div class=\"elementor-widget-wrap elementor-element-populated\">\n\t\t\t\t\t\t\t\t<div class=\"elementor-element elementor-element-5d9a38e elementor-widget elementor-widget-heading\" data-id=\"5d9a38e\" data-element_type=\"widget\" data-widget_type=\"heading.default\">\n\t\t\t\t<div class=\"elementor-widget-container\">\n\t\t\t<style>\/*! elementor - v3.15.0 - 02-08-2023 *\/\n.elementor-heading-title{padding:0;margin:0;line-height:1}.elementor-widget-heading .elementor-heading-title[class*=elementor-size-]>a{color:inherit;font-size:inherit;line-height:inherit}.elementor-widget-heading .elementor-heading-title.elementor-size-small{font-size:15px}.elementor-widget-heading .elementor-heading-title.elementor-size-medium{font-size:19px}.elementor-widget-heading .elementor-heading-title.elementor-size-large{font-size:29px}.elementor-widget-heading .elementor-heading-title.elementor-size-xl{font-size:39px}.elementor-widget-heading .elementor-heading-title.elementor-size-xxl{font-size:59px}<\/style><h2 class=\"elementor-heading-title elementor-size-default\">Blogs<\/h2>\t\t<\/div>\n\t\t\t\t<\/div>\n\t\t\t\t<div class=\"elementor-element elementor-element-3752bfa elementor-widget__width-initial elementor-widget elementor-widget-text-editor\" data-id=\"3752bfa\" data-element_type=\"widget\" data-widget_type=\"text-editor.default\">\n\t\t\t\t<div class=\"elementor-widget-container\">\n\t\t\t<style>\/*! elementor - v3.15.0 - 02-08-2023 *\/\n.elementor-widget-text-editor.elementor-drop-cap-view-stacked .elementor-drop-cap{background-color:#69727d;color:#fff}.elementor-widget-text-editor.elementor-drop-cap-view-framed .elementor-drop-cap{color:#69727d;border:3px solid;background-color:transparent}.elementor-widget-text-editor:not(.elementor-drop-cap-view-default) .elementor-drop-cap{margin-top:8px}.elementor-widget-text-editor:not(.elementor-drop-cap-view-default) .elementor-drop-cap-letter{width:1em;height:1em}.elementor-widget-text-editor .elementor-drop-cap{float:left;text-align:center;line-height:1;font-size:50px}.elementor-widget-text-editor .elementor-drop-cap-letter{display:inline-block}<\/style>\t\t\t\t<p><span lang=\"fr-FR\">Obtenez plus d&#8217;informations, de connaissances et de compr\u00e9hension gr\u00e2ce \u00e0 nos blogs d\u00e9taill\u00e9s. Nous couvrons un large \u00e9ventail de sujets ciblant principalement les professionnels de l&#8217;humanitaire et du d\u00e9veloppement. Abonnez-vous \u00e0 notre newsletter pour toujours recevoir une mise \u00e0 jour chaque fois que nous avons un nouveau blog<\/span>.<\/p>\t\t\t\t\t\t<\/div>\n\t\t\t\t<\/div>\n\t\t\t\t\t<\/div>\n\t\t<\/div>\n\t\t\t\t\t\t\t<\/div>\n\t\t<\/section>\n\t\t\t\t<section class=\"elementor-section elementor-top-section elementor-element elementor-element-31c624a elementor-section-boxed elementor-section-height-default elementor-section-height-default\" data-id=\"31c624a\" data-element_type=\"section\">\n\t\t\t\t\t\t<div class=\"elementor-container elementor-column-gap-default\">\n\t\t\t\t\t<div class=\"elementor-column elementor-col-100 elementor-top-column elementor-element elementor-element-a27e6fc\" data-id=\"a27e6fc\" data-element_type=\"column\">\n\t\t\t<div class=\"elementor-widget-wrap elementor-element-populated\">\n\t\t\t\t\t\t\t\t<div class=\"elementor-element elementor-element-a0074ce elementor-widget elementor-widget-atron_latest_news_v4\" data-id=\"a0074ce\" data-element_type=\"widget\" data-widget_type=\"atron_latest_news_v4.default\">\n\t\t\t\t<div class=\"elementor-widget-container\">\n\t\t\t\t\t\r\n        <!-- News Section Two -->\r\n        <section id=\"blog\" class=\"news-section-two\" >\r\n            <div class=\"auto-container\">\r\n                                \r\n                <div class=\"row clearfix\">\r\n                \t                    <!-- News Block Two -->\r\n                    <div class=\"news-block-two update col-lg-4 col-md-6 col-sm-12\">\r\n                        <div class=\"inner-box wow fadeInLeft\" data-wow-delay=\"0ms\" data-wow-duration=\"1500ms\">\r\n                            <div class=\"image\">\r\n                                <a href=\"https:\/\/transcendsolutionscameroon.com\/fr\/the-major-challenges-ofdigitalizing-the-supply-chain\/\"><img width=\"640\" height=\"424\"  class=\"attachment-atron_370x260 size-atron_370x260 wp-post-image lws-optimize-lazyload\" alt=\"\" decoding=\"async\" loading=\"lazy\" srcset=\"https:\/\/transcendsolutionscameroon.com\/wp-content\/uploads\/2023\/08\/WhatsApp-Image-2023-08-01-at-20.44.24.jpeg 640w, https:\/\/transcendsolutionscameroon.com\/wp-content\/uploads\/2023\/08\/WhatsApp-Image-2023-08-01-at-20.44.24-600x398.jpeg 600w, https:\/\/transcendsolutionscameroon.com\/wp-content\/uploads\/2023\/08\/WhatsApp-Image-2023-08-01-at-20.44.24-300x199.jpeg 300w\" sizes=\"(max-width: 640px) 100vw, 640px\" ><\/a>\r\n                            <\/div>\r\n                            <div class=\"lower-content\">\r\n                                <ul class=\"post-meta\">\r\n                                    <li><span class=\"icon fa fa-folder-open\"><\/span> <a href=\"https:\/\/transcendsolutionscameroon.com\/fr\/category\/blogs\/\" rel=\"category tag\">Blogs<\/a><\/li>\r\n                                <\/ul>\r\n                                <h4><a href=\"https:\/\/transcendsolutionscameroon.com\/fr\/the-major-challenges-ofdigitalizing-the-supply-chain\/\">The major challenges of digitalizing the supply chain<\/a><\/h4>\r\n                                <div class=\"text\">In a volatile ... <\/div>\r\n                                <div class=\"lower-box\">\r\n                                    <div class=\"clearfix\">\r\n                                        <div class=\"pull-left\">\r\n                                            <a class=\"comment\" href=\"https:\/\/transcendsolutionscameroon.com\/fr\/the-major-challenges-ofdigitalizing-the-supply-chain\/#comments\"><span class=\"icon fa fa-comment-o\"><\/span> 0<\/a>\r\n                                        <\/div>\r\n                                        <div class=\"pull-right\">\r\n                                            <div class=\"author-info\">\r\n                                                <div class=\"info-inner\">\r\n                                                    <div class=\"icon flaticon-user-2\"><\/div>\r\n                                                    By christian <span>8 ao\u00fbt 2023<\/span>\r\n                                                <\/div>\r\n                                            <\/div>\r\n                                        <\/div>\r\n                                    <\/div>\r\n                                <\/div>\r\n                            <\/div>\r\n                        <\/div>\r\n                    <\/div>\r\n                                    <\/div>\r\n            <\/div>\r\n        <\/section>\r\n        <!-- End News Section Two -->\r\n               \r\n        \t\t<\/div>\n\t\t\t\t<\/div>\n\t\t\t\t\t<\/div>\n\t\t<\/div>\n\t\t\t\t\t\t\t<\/div>\n\t\t<\/section>\n\t\t\t\t\t\t\t<\/div>","protected":false},"excerpt":{"rendered":"<p>Blogs Obtenez plus d&#8217;informations, de connaissances et de compr\u00e9hension gr\u00e2ce \u00e0 nos blogs d\u00e9taill\u00e9s. Nous couvrons un large \u00e9ventail de sujets ciblant principalement les professionnels de l&#8217;humanitaire et du d\u00e9veloppement. Abonnez-vous \u00e0 notre newsletter pour toujours recevoir une mise \u00e0 jour chaque fois que nous avons un nouveau blog. Blogs Revamp Your Business with Expert [&hellip;]<\/p>","protected":false},"author":1,"featured_media":0,"parent":0,"menu_order":0,"comment_status":"closed","ping_status":"closed","template":"","meta":[],"_links":{"self":[{"href":"https:\/\/transcendsolutionscameroon.com\/fr\/wp-json\/wp\/v2\/pages\/5458"}],"collection":[{"href":"https:\/\/transcendsolutionscameroon.com\/fr\/wp-json\/wp\/v2\/pages"}],"about":[{"href":"https:\/\/transcendsolutionscameroon.com\/fr\/wp-json\/wp\/v2\/types\/page"}],"author":[{"embeddable":true,"href":"https:\/\/transcendsolutionscameroon.com\/fr\/wp-json\/wp\/v2\/users\/1"}],"replies":[{"embeddable":true,"href":"https:\/\/transcendsolutionscameroon.com\/fr\/wp-json\/wp\/v2\/comments?post=5458"}],"version-history":[{"count":9,"href":"https:\/\/transcendsolutionscameroon.com\/fr\/wp-json\/wp\/v2\/pages\/5458\/revisions"}],"predecessor-version":[{"id":5470,"href":"https:\/\/transcendsolutionscameroon.com\/fr\/wp-json\/wp\/v2\/pages\/5458\/revisions\/5470"}],"wp:attachment":[{"href":"https:\/\/transcendsolutionscameroon.com\/fr\/wp-json\/wp\/v2\/media?parent=5458"}],"curies":[{"name":"wp","href":"https:\/\/api.w.org\/{rel}","templated":true}]}}