{"id":5398,"date":"2023-08-07T14:10:53","date_gmt":"2023-08-07T12:10:53","guid":{"rendered":"https:\/\/transcendsolutionscameroon.com\/?page_id=5398"},"modified":"2023-08-07T14:17:43","modified_gmt":"2023-08-07T12:17:43","slug":"consultancy","status":"publish","type":"page","link":"https:\/\/transcendsolutionscameroon.com\/fr\/consultancy\/","title":{"rendered":"Consultance"},"content":{"rendered":"<div data-elementor-type=\"wp-page\" data-elementor-id=\"5398\" class=\"elementor elementor-5398\">\n\t\t\t\t\t\t\t\t\t<section class=\"elementor-section elementor-top-section elementor-element elementor-element-c735d55 elementor-section-boxed elementor-section-height-default elementor-section-height-default\" data-id=\"c735d55\" data-element_type=\"section\">\n\t\t\t\t\t\t<div class=\"elementor-container elementor-column-gap-default\">\n\t\t\t\t\t<div class=\"elementor-column elementor-col-100 elementor-top-column elementor-element elementor-element-cd0d797\" data-id=\"cd0d797\" data-element_type=\"column\">\n\t\t\t<div class=\"elementor-widget-wrap elementor-element-populated\">\n\t\t\t\t\t\t\t\t<div class=\"elementor-element elementor-element-3a27f4e elementor-widget elementor-widget-heading\" data-id=\"3a27f4e\" data-element_type=\"widget\" data-widget_type=\"heading.default\">\n\t\t\t\t<div class=\"elementor-widget-container\">\n\t\t\t<style>\/*! elementor - v3.15.0 - 02-08-2023 *\/\n.elementor-heading-title{padding:0;margin:0;line-height:1}.elementor-widget-heading .elementor-heading-title[class*=elementor-size-]>a{color:inherit;font-size:inherit;line-height:inherit}.elementor-widget-heading .elementor-heading-title.elementor-size-small{font-size:15px}.elementor-widget-heading .elementor-heading-title.elementor-size-medium{font-size:19px}.elementor-widget-heading .elementor-heading-title.elementor-size-large{font-size:29px}.elementor-widget-heading .elementor-heading-title.elementor-size-xl{font-size:39px}.elementor-widget-heading .elementor-heading-title.elementor-size-xxl{font-size:59px}<\/style><h2 class=\"elementor-heading-title elementor-size-default\">Consultance<\/h2>\t\t<\/div>\n\t\t\t\t<\/div>\n\t\t\t\t\t<\/div>\n\t\t<\/div>\n\t\t\t\t\t\t\t<\/div>\n\t\t<\/section>\n\t\t\t\t<section class=\"elementor-section elementor-top-section elementor-element elementor-element-6570d6e elementor-section-boxed elementor-section-height-default elementor-section-height-default\" data-id=\"6570d6e\" data-element_type=\"section\">\n\t\t\t\t\t\t<div class=\"elementor-container elementor-column-gap-default\">\n\t\t\t\t\t<div class=\"elementor-column elementor-col-100 elementor-top-column elementor-element elementor-element-b8ac277\" data-id=\"b8ac277\" data-element_type=\"column\">\n\t\t\t<div class=\"elementor-widget-wrap elementor-element-populated\">\n\t\t\t\t\t\t\t\t<section class=\"elementor-section elementor-inner-section elementor-element elementor-element-deea3dc elementor-section-boxed elementor-section-height-default elementor-section-height-default\" data-id=\"deea3dc\" data-element_type=\"section\">\n\t\t\t\t\t\t<div class=\"elementor-container elementor-column-gap-default\">\n\t\t\t\t\t<div class=\"elementor-column elementor-col-50 elementor-inner-column elementor-element elementor-element-f3749f6\" data-id=\"f3749f6\" data-element_type=\"column\">\n\t\t\t<div class=\"elementor-widget-wrap elementor-element-populated\">\n\t\t\t\t\t\t\t\t<div class=\"elementor-element elementor-element-bd29e68 elementor-widget elementor-widget-image\" data-id=\"bd29e68\" data-element_type=\"widget\" data-widget_type=\"image.default\">\n\t\t\t\t<div class=\"elementor-widget-container\">\n\t\t\t<style>\/*! elementor - v3.15.0 - 02-08-2023 *\/\n.elementor-widget-image{text-align:center}.elementor-widget-image a{display:inline-block}.elementor-widget-image a img[src$=\".svg\"]{width:48px}.elementor-widget-image img{vertical-align:middle;display:inline-block}<\/style>\t\t\t\t\t\t\t\t\t\t\t\t<img decoding=\"async\" width=\"525\" height=\"248\"  class=\"attachment-large size-large wp-image-24 lws-optimize-lazyload\" alt=\"\" loading=\"lazy\" srcset=\"https:\/\/transcendsolutionscameroon.com\/wp-content\/uploads\/2023\/08\/WhatsApp-Image-2023-08-01-at-20.44.33.jpeg 592w, https:\/\/transcendsolutionscameroon.com\/wp-content\/uploads\/2023\/08\/WhatsApp-Image-2023-08-01-at-20.44.33-300x142.jpeg 300w\" sizes=\"(max-width: 525px) 100vw, 525px\" >\t\t\t\t\t\t\t\t\t\t\t\t\t\t\t<\/div>\n\t\t\t\t<\/div>\n\t\t\t\t<div class=\"elementor-element elementor-element-cc1a258 elementor-widget elementor-widget-image\" data-id=\"cc1a258\" data-element_type=\"widget\" data-widget_type=\"image.default\">\n\t\t\t\t<div class=\"elementor-widget-container\">\n\t\t\t\t\t\t\t\t\t\t\t\t\t\t\t<img decoding=\"async\" width=\"525\" height=\"394\"  class=\"attachment-large size-large wp-image-10 lws-optimize-lazyload\" alt=\"\" loading=\"lazy\" srcset=\"https:\/\/transcendsolutionscameroon.com\/wp-content\/uploads\/2023\/08\/WhatsApp-Image-2023-08-01-at-20.44.19.jpeg 640w, https:\/\/transcendsolutionscameroon.com\/wp-content\/uploads\/2023\/08\/WhatsApp-Image-2023-08-01-at-20.44.19-600x450.jpeg 600w, https:\/\/transcendsolutionscameroon.com\/wp-content\/uploads\/2023\/08\/WhatsApp-Image-2023-08-01-at-20.44.19-300x225.jpeg 300w\" sizes=\"(max-width: 525px) 100vw, 525px\" >\t\t\t\t\t\t\t\t\t\t\t\t\t\t\t<\/div>\n\t\t\t\t<\/div>\n\t\t\t\t\t<\/div>\n\t\t<\/div>\n\t\t\t\t<div class=\"elementor-column elementor-col-50 elementor-inner-column elementor-element elementor-element-f1f82e3\" data-id=\"f1f82e3\" data-element_type=\"column\">\n\t\t\t<div class=\"elementor-widget-wrap elementor-element-populated\">\n\t\t\t\t\t\t\t\t<div class=\"elementor-element elementor-element-03b1636 elementor-widget elementor-widget-text-editor\" data-id=\"03b1636\" data-element_type=\"widget\" data-widget_type=\"text-editor.default\">\n\t\t\t\t<div class=\"elementor-widget-container\">\n\t\t\t<style>\/*! elementor - v3.15.0 - 02-08-2023 *\/\n.elementor-widget-text-editor.elementor-drop-cap-view-stacked .elementor-drop-cap{background-color:#69727d;color:#fff}.elementor-widget-text-editor.elementor-drop-cap-view-framed .elementor-drop-cap{color:#69727d;border:3px solid;background-color:transparent}.elementor-widget-text-editor:not(.elementor-drop-cap-view-default) .elementor-drop-cap{margin-top:8px}.elementor-widget-text-editor:not(.elementor-drop-cap-view-default) .elementor-drop-cap-letter{width:1em;height:1em}.elementor-widget-text-editor .elementor-drop-cap{float:left;text-align:center;line-height:1;font-size:50px}.elementor-widget-text-editor .elementor-drop-cap-letter{display:inline-block}<\/style>\t\t\t\t<p><span style=\"color: #000000;\"><span style=\"font-family: Roboto, serif;\"><span style=\"font-size: medium;\">Nous proposons une formule sur mesure\/sp\u00e9ciale aux organisations qui souhaitent que nos formations soient adapt\u00e9es \u00e0 leurs besoins sp\u00e9cifiques ou qu'elles mettent l'accent sur des sujets particuliers. Cela conduit \u00e0 la cr\u00e9ation de programmes de formation sur mesure qui aident \u00e0 r\u00e9pondre aux besoins d'apprentissage de l'organisation.<\/span><\/span><\/span><\/p><p><span style=\"color: #000000;\"><span style=\"font-family: Roboto, serif;\"><span style=\"font-size: medium;\">Transcend Solutions Cameroon encourage la participation des groupes \u00e0 tous ses programmes de formation. Pour soutenir cette d\u00e9marche, nous avons le plaisir de proposer aux groupes les offres suivantes : 5-9 personnes : 15% de r\u00e9duction sur le co\u00fbt total de l'inscription, 10 personnes ou plus : 25% de r\u00e9duction sur le co\u00fbt total de l'inscription.<\/span><\/span><\/span><span style=\"color: #000000;\"><span style=\"font-family: Roboto, serif;\"><span style=\"font-size: medium;\"><br \/><\/span><\/span><\/span><span style=\"color: #000000;\"><span style=\"font-family: Roboto, serif;\"><span style=\"font-size: medium;\">To participate in any of our capacity building programmes send us an email via <\/span><\/span><\/span><a href=\"mailto:info@transcendsolutionscameroon.com\">info@transcendsolutionscameroon.com<\/a><\/p><p><span style=\"color: #000000;\"><span style=\"font-family: Roboto, serif;\"><span style=\"font-size: medium;\">Transcend Solutions Cameroon <\/span><\/span><\/span><span style=\"color: #000000;\"><span style=\"font-family: Roboto, serif;\"><span style=\"font-size: medium;\">Transcend Solutions Cameroon offre des formations sur mesure de haute qualit\u00e9 aux organisations ou aux groupes de personnes qui souhaitent augmenter leurs performances au travail et am\u00e9liorer les relations entre les employ\u00e9s. \u00cates-vous pr\u00eat \u00e0 faire passer votre organisation au niveau sup\u00e9rieur ? Remplissez le formulaire ci-dessous, demandez \u00e0 \u00eatre rappel\u00e9 ou envoyez-nous un courriel \u00e0 l'adresse suivante <\/span><\/span><\/span><a href=\"mailto:info@transcendsolutionscameroon.com\">info@transcendsolutionscameroon.com<\/a><span style=\"color: #000000;\"><span style=\"font-family: Roboto, serif;\"><span style=\"font-size: medium;\">. Laissez-nous aider votre organisation \u00e0 passer au niveau sup\u00e9rieur.<\/span><\/span><\/span><\/p>\t\t\t\t\t\t<\/div>\n\t\t\t\t<\/div>\n\t\t\t\t\t<\/div>\n\t\t<\/div>\n\t\t\t\t\t\t\t<\/div>\n\t\t<\/section>\n\t\t\t\t\t<\/div>\n\t\t<\/div>\n\t\t\t\t\t\t\t<\/div>\n\t\t<\/section>\n\t\t\t\t\t\t\t<\/div>","protected":false},"excerpt":{"rendered":"<p>Consultancy We offer a custom made\/Special package to organizations that seek to have our trainings customized to fit their specific needs or emphasize on particular subjects. This leads to creation of bespoke training programmes that help in addressing their organizational learning needs. Transcend Solutions Cameroon encourages participation of groups in all of our training programmes. [&hellip;]<\/p>","protected":false},"author":1,"featured_media":0,"parent":0,"menu_order":0,"comment_status":"closed","ping_status":"closed","template":"","meta":[],"_links":{"self":[{"href":"https:\/\/transcendsolutionscameroon.com\/fr\/wp-json\/wp\/v2\/pages\/5398"}],"collection":[{"href":"https:\/\/transcendsolutionscameroon.com\/fr\/wp-json\/wp\/v2\/pages"}],"about":[{"href":"https:\/\/transcendsolutionscameroon.com\/fr\/wp-json\/wp\/v2\/types\/page"}],"author":[{"embeddable":true,"href":"https:\/\/transcendsolutionscameroon.com\/fr\/wp-json\/wp\/v2\/users\/1"}],"replies":[{"embeddable":true,"href":"https:\/\/transcendsolutionscameroon.com\/fr\/wp-json\/wp\/v2\/comments?post=5398"}],"version-history":[{"count":7,"href":"https:\/\/transcendsolutionscameroon.com\/fr\/wp-json\/wp\/v2\/pages\/5398\/revisions"}],"predecessor-version":[{"id":5407,"href":"https:\/\/transcendsolutionscameroon.com\/fr\/wp-json\/wp\/v2\/pages\/5398\/revisions\/5407"}],"wp:attachment":[{"href":"https:\/\/transcendsolutionscameroon.com\/fr\/wp-json\/wp\/v2\/media?parent=5398"}],"curies":[{"name":"wp","href":"https:\/\/api.w.org\/{rel}","templated":true}]}}