{"id":5382,"date":"2023-08-07T13:57:27","date_gmt":"2023-08-07T11:57:27","guid":{"rendered":"https:\/\/transcendsolutionscameroon.com\/?page_id=5382"},"modified":"2023-08-07T14:02:01","modified_gmt":"2023-08-07T12:02:01","slug":"team-building","status":"publish","type":"page","link":"https:\/\/transcendsolutionscameroon.com\/fr\/team-building\/","title":{"rendered":"Nos formateurs"},"content":{"rendered":"<div data-elementor-type=\"wp-page\" data-elementor-id=\"5382\" class=\"elementor elementor-5382\">\n\t\t\t\t\t\t\t\t\t<section class=\"elementor-section elementor-top-section elementor-element elementor-element-13b13f8 elementor-section-boxed elementor-section-height-default elementor-section-height-default\" data-id=\"13b13f8\" data-element_type=\"section\">\n\t\t\t\t\t\t<div class=\"elementor-container elementor-column-gap-default\">\n\t\t\t\t\t<div class=\"elementor-column elementor-col-100 elementor-top-column elementor-element elementor-element-211423a\" data-id=\"211423a\" data-element_type=\"column\">\n\t\t\t<div class=\"elementor-widget-wrap elementor-element-populated\">\n\t\t\t\t\t\t\t\t<div class=\"elementor-element elementor-element-fe6e99d elementor-widget elementor-widget-heading\" data-id=\"fe6e99d\" data-element_type=\"widget\" data-widget_type=\"heading.default\">\n\t\t\t\t<div class=\"elementor-widget-container\">\n\t\t\t<style>\/*! elementor - v3.15.0 - 02-08-2023 *\/\n.elementor-heading-title{padding:0;margin:0;line-height:1}.elementor-widget-heading .elementor-heading-title[class*=elementor-size-]>a{color:inherit;font-size:inherit;line-height:inherit}.elementor-widget-heading .elementor-heading-title.elementor-size-small{font-size:15px}.elementor-widget-heading .elementor-heading-title.elementor-size-medium{font-size:19px}.elementor-widget-heading .elementor-heading-title.elementor-size-large{font-size:29px}.elementor-widget-heading .elementor-heading-title.elementor-size-xl{font-size:39px}.elementor-widget-heading .elementor-heading-title.elementor-size-xxl{font-size:59px}<\/style><h2 class=\"elementor-heading-title elementor-size-default\">Nos formateurs<\/h2>\t\t<\/div>\n\t\t\t\t<\/div>\n\t\t\t\t\t<\/div>\n\t\t<\/div>\n\t\t\t\t\t\t\t<\/div>\n\t\t<\/section>\n\t\t\t\t<section class=\"elementor-section elementor-top-section elementor-element elementor-element-fc2ae1b elementor-section-boxed elementor-section-height-default elementor-section-height-default\" data-id=\"fc2ae1b\" data-element_type=\"section\">\n\t\t\t\t\t\t<div class=\"elementor-container elementor-column-gap-default\">\n\t\t\t\t\t<div class=\"elementor-column elementor-col-100 elementor-top-column elementor-element elementor-element-0a6354d\" data-id=\"0a6354d\" data-element_type=\"column\">\n\t\t\t<div class=\"elementor-widget-wrap elementor-element-populated\">\n\t\t\t\t\t\t\t\t<section class=\"elementor-section elementor-inner-section elementor-element elementor-element-7f1b5de elementor-section-boxed elementor-section-height-default elementor-section-height-default\" data-id=\"7f1b5de\" data-element_type=\"section\">\n\t\t\t\t\t\t<div class=\"elementor-container elementor-column-gap-default\">\n\t\t\t\t\t<div class=\"elementor-column elementor-col-50 elementor-inner-column elementor-element elementor-element-a41fa1c\" data-id=\"a41fa1c\" data-element_type=\"column\">\n\t\t\t<div class=\"elementor-widget-wrap elementor-element-populated\">\n\t\t\t\t\t\t\t\t<div class=\"elementor-element elementor-element-45f6003 elementor-widget elementor-widget-image\" data-id=\"45f6003\" data-element_type=\"widget\" data-widget_type=\"image.default\">\n\t\t\t\t<div class=\"elementor-widget-container\">\n\t\t\t<style>\/*! elementor - v3.15.0 - 02-08-2023 *\/\n.elementor-widget-image{text-align:center}.elementor-widget-image a{display:inline-block}.elementor-widget-image a img[src$=\".svg\"]{width:48px}.elementor-widget-image img{vertical-align:middle;display:inline-block}<\/style>\t\t\t\t\t\t\t\t\t\t\t\t<img decoding=\"async\" width=\"525\" height=\"350\"  class=\"attachment-large size-large wp-image-5046 lws-optimize-lazyload\" alt=\"\" loading=\"lazy\" srcset=\"https:\/\/transcendsolutionscameroon.com\/wp-content\/uploads\/2023\/08\/groupe-graphistes-qui-travaillent-ensemble.jpg 1000w, https:\/\/transcendsolutionscameroon.com\/wp-content\/uploads\/2023\/08\/groupe-graphistes-qui-travaillent-ensemble-300x200.jpg 300w, https:\/\/transcendsolutionscameroon.com\/wp-content\/uploads\/2023\/08\/groupe-graphistes-qui-travaillent-ensemble-768x512.jpg 768w\" sizes=\"(max-width: 525px) 100vw, 525px\" >\t\t\t\t\t\t\t\t\t\t\t\t\t\t\t<\/div>\n\t\t\t\t<\/div>\n\t\t\t\t\t<\/div>\n\t\t<\/div>\n\t\t\t\t<div class=\"elementor-column elementor-col-50 elementor-inner-column elementor-element elementor-element-ea78d45\" data-id=\"ea78d45\" data-element_type=\"column\">\n\t\t\t<div class=\"elementor-widget-wrap elementor-element-populated\">\n\t\t\t\t\t\t\t\t<div class=\"elementor-element elementor-element-d13fe41 elementor-widget elementor-widget-text-editor\" data-id=\"d13fe41\" data-element_type=\"widget\" data-widget_type=\"text-editor.default\">\n\t\t\t\t<div class=\"elementor-widget-container\">\n\t\t\t<style>\/*! elementor - v3.15.0 - 02-08-2023 *\/\n.elementor-widget-text-editor.elementor-drop-cap-view-stacked .elementor-drop-cap{background-color:#69727d;color:#fff}.elementor-widget-text-editor.elementor-drop-cap-view-framed .elementor-drop-cap{color:#69727d;border:3px solid;background-color:transparent}.elementor-widget-text-editor:not(.elementor-drop-cap-view-default) .elementor-drop-cap{margin-top:8px}.elementor-widget-text-editor:not(.elementor-drop-cap-view-default) .elementor-drop-cap-letter{width:1em;height:1em}.elementor-widget-text-editor .elementor-drop-cap{float:left;text-align:center;line-height:1;font-size:50px}.elementor-widget-text-editor .elementor-drop-cap-letter{display:inline-block}<\/style>\t\t\t\t<p>- Quelle est l'importance de la constitution d'une \u00e9quipe ?<\/p><p>- Socialiser, travailler en r\u00e9seau et apprendre \u00e0 mieux se conna\u00eetre.<\/p><p>- Am\u00e9lioration du travail et des performances de l'\u00e9quipe.<\/p><p>\u2022 Improved results through instilling competition and bragging rights.<\/p><p>- C\u00e9l\u00e9bration, esprit d'\u00e9quipe, plaisir et motivation<\/p><p>- Collaboration et promotion de l'innovation et de la cr\u00e9ativit\u00e9<\/p><p>- Communication et am\u00e9lioration de la collaboration<\/p>\t\t\t\t\t\t<\/div>\n\t\t\t\t<\/div>\n\t\t\t\t\t<\/div>\n\t\t<\/div>\n\t\t\t\t\t\t\t<\/div>\n\t\t<\/section>\n\t\t\t\t\t<\/div>\n\t\t<\/div>\n\t\t\t\t\t\t\t<\/div>\n\t\t<\/section>\n\t\t\t\t\t\t\t<\/div>","protected":false},"excerpt":{"rendered":"<p>Team building What is The Importance of Team Building? \u2022 Socializing, networking, and getting to know each other better. \u2022 Better teamwork and team performances. \u2022 Improved results through instilling competition and bragging rights. \u2022 Celebration, team spirit, fun, and motivation \u2022 Collaboration and the fostering of innovation and creativity \u2022 Communication and working better [&hellip;]<\/p>","protected":false},"author":1,"featured_media":0,"parent":0,"menu_order":0,"comment_status":"closed","ping_status":"closed","template":"","meta":[],"_links":{"self":[{"href":"https:\/\/transcendsolutionscameroon.com\/fr\/wp-json\/wp\/v2\/pages\/5382"}],"collection":[{"href":"https:\/\/transcendsolutionscameroon.com\/fr\/wp-json\/wp\/v2\/pages"}],"about":[{"href":"https:\/\/transcendsolutionscameroon.com\/fr\/wp-json\/wp\/v2\/types\/page"}],"author":[{"embeddable":true,"href":"https:\/\/transcendsolutionscameroon.com\/fr\/wp-json\/wp\/v2\/users\/1"}],"replies":[{"embeddable":true,"href":"https:\/\/transcendsolutionscameroon.com\/fr\/wp-json\/wp\/v2\/comments?post=5382"}],"version-history":[{"count":13,"href":"https:\/\/transcendsolutionscameroon.com\/fr\/wp-json\/wp\/v2\/pages\/5382\/revisions"}],"predecessor-version":[{"id":5397,"href":"https:\/\/transcendsolutionscameroon.com\/fr\/wp-json\/wp\/v2\/pages\/5382\/revisions\/5397"}],"wp:attachment":[{"href":"https:\/\/transcendsolutionscameroon.com\/fr\/wp-json\/wp\/v2\/media?parent=5382"}],"curies":[{"name":"wp","href":"https:\/\/api.w.org\/{rel}","templated":true}]}}